{"id":8856,"date":"2021-10-12T16:27:24","date_gmt":"2021-10-12T16:27:24","guid":{"rendered":"http:\/\/www.delucca.com.tr\/iletisim\/"},"modified":"2022-11-15T21:50:55","modified_gmt":"2022-11-15T18:50:55","slug":"contact","status":"publish","type":"page","link":"https:\/\/www.delucca.com.tr\/en\/contact\/","title":{"rendered":"Contact"},"content":{"rendered":"\t\t<div data-elementor-type=\"wp-page\" data-elementor-id=\"8856\" class=\"elementor elementor-8856 elementor-4439\">\n\t\t\t\t\t\t<section class=\"wd-negative-gap elementor-section elementor-top-section elementor-element elementor-element-1c9344a2 elementor-section-boxed elementor-section-height-default elementor-section-height-default\" data-id=\"1c9344a2\" data-element_type=\"section\" data-e-type=\"section\">\n\t\t\t\t\t\t<div class=\"elementor-container elementor-column-gap-default\">\n\t\t\t\t\t<div class=\"elementor-column elementor-col-50 elementor-top-column elementor-element elementor-element-a4e7846\" data-id=\"a4e7846\" data-element_type=\"column\" data-e-type=\"column\">\n\t\t\t<div class=\"elementor-widget-wrap elementor-element-populated\">\n\t\t\t\t\t\t<div class=\"elementor-element elementor-element-cf9534e elementor-widget elementor-widget-html\" data-id=\"cf9534e\" data-element_type=\"widget\" data-e-type=\"widget\" data-widget_type=\"html.default\">\n\t\t\t\t<div class=\"elementor-widget-container\">\n\t\t\t\t\t<iframe src=\"https:\/\/www.google.com\/maps\/embed?pb=!1m18!1m12!1m3!1d97633.10217175161!2d32.55919245820312!3d40.11923590000001!2m3!1f0!2f0!3f0!3m2!1i1024!2i768!4f13.1!3m3!1m2!1s0x14d336e8ac2878cd%3A0xd944c5fd50ad61bd!2zTW5kIEfEsWRh!5e0!3m2!1str!2str!4v1639136113611!5m2!1str!2str\" width=\"600\" height=\"575\" style=\"border:0;\" allowfullscreen=\"\" loading=\"lazy\"><\/iframe>\t\t\t\t<\/div>\n\t\t\t\t<\/div>\n\t\t\t\t\t<\/div>\n\t\t<\/div>\n\t\t\t\t<div class=\"elementor-column elementor-col-50 elementor-top-column elementor-element elementor-element-41bec3dc\" data-id=\"41bec3dc\" data-element_type=\"column\" data-e-type=\"column\">\n\t\t\t<div class=\"elementor-widget-wrap elementor-element-populated\">\n\t\t\t\t\t\t<div class=\"elementor-element elementor-element-88ca337 wd-width-100 elementor-widget elementor-widget-wd_title\" data-id=\"88ca337\" data-element_type=\"widget\" data-e-type=\"widget\" data-widget_type=\"wd_title.default\">\n\t\t\t\t<div class=\"elementor-widget-container\">\n\t\t\t\t\t\t\t<div class=\"title-wrapper wd-set-mb reset-last-child wd-title-color-default wd-title-style-default wd-title-size-default text-left\">\n\n\t\t\t\t\t\t\t\t\t\t\t<div class=\"title-subtitle subtitle-color-default subtitle-style-default wd-fontsize-xs\">\n\t\t\t\t\tContact us for your questions, opinions and suggestions!\u200b\t\t\t\t<\/div>\n\t\t\t\n\t\t\t<div class=\"liner-continer\">\n\t\t\t\t<h4 class=\"woodmart-title-container title wd-fontsize-l\">Contact Form<\/h4> \n\t\t\t\t\t\t\t<\/div>\n\n\t\t\t\t\t<\/div>\n\t\t\t\t\t\t<\/div>\n\t\t\t\t<\/div>\n\t\t\t\t<div class=\"elementor-element elementor-element-5ce0072f wd-cf7 elementor-widget elementor-widget-wd_contact_form_7\" data-id=\"5ce0072f\" data-element_type=\"widget\" data-e-type=\"widget\" data-widget_type=\"wd_contact_form_7.default\">\n\t\t\t\t<div class=\"elementor-widget-container\">\n\t\t\t\t\t\n<div class=\"wpcf7 no-js\" id=\"wpcf7-f8884-o1\" lang=\"en-US\" dir=\"ltr\" data-wpcf7-id=\"8884\">\n<div class=\"screen-reader-response\"><p role=\"status\" aria-live=\"polite\" aria-atomic=\"true\"><\/p> <ul><\/ul><\/div>\n<form action=\"\/en\/wp-json\/wp\/v2\/pages\/8856#wpcf7-f8884-o1\" method=\"post\" class=\"wpcf7-form init\" aria-label=\"Contact form\" novalidate=\"novalidate\" data-status=\"init\">\n<fieldset class=\"hidden-fields-container\"><input type=\"hidden\" name=\"_wpcf7\" value=\"8884\" \/><input type=\"hidden\" name=\"_wpcf7_version\" value=\"6.1.5\" \/><input type=\"hidden\" name=\"_wpcf7_locale\" value=\"en_US\" \/><input type=\"hidden\" name=\"_wpcf7_unit_tag\" value=\"wpcf7-f8884-o1\" \/><input type=\"hidden\" name=\"_wpcf7_container_post\" value=\"0\" \/><input type=\"hidden\" name=\"_wpcf7_posted_data_hash\" value=\"\" \/>\n<\/fieldset>\n<div class=\"row\">\n\t<p class=\"col-md-6\"><label>Name<\/label><span class=\"wpcf7-form-control-wrap\" data-name=\"your-name\"><input size=\"40\" maxlength=\"400\" class=\"wpcf7-form-control wpcf7-text wpcf7-validates-as-required\" aria-required=\"true\" aria-invalid=\"false\" value=\"\" type=\"text\" name=\"your-name\" \/><\/span>\n\t<\/p>\n\t<p class=\"col-md-6\"><label>Last Name<\/label><span class=\"wpcf7-form-control-wrap\" data-name=\"last-name\"><input size=\"40\" maxlength=\"400\" class=\"wpcf7-form-control wpcf7-text\" aria-invalid=\"false\" value=\"\" type=\"text\" name=\"last-name\" \/><\/span>\n\t<\/p>\n<\/div>\n<div class=\"row\">\n\t<p class=\"col-md-6\"><label>Phone<\/label><span class=\"wpcf7-form-control-wrap\" data-name=\"tel-767\"><input size=\"40\" maxlength=\"400\" class=\"wpcf7-form-control wpcf7-tel wpcf7-validates-as-required wpcf7-text wpcf7-validates-as-tel\" aria-required=\"true\" aria-invalid=\"false\" value=\"\" type=\"tel\" name=\"tel-767\" \/><\/span>\n\t<\/p>\n\t<p class=\"col-md-6\"><label>Email<\/label><span class=\"wpcf7-form-control-wrap\" data-name=\"email\"><input size=\"40\" maxlength=\"400\" class=\"wpcf7-form-control wpcf7-email wpcf7-validates-as-required wpcf7-text wpcf7-validates-as-email\" aria-required=\"true\" aria-invalid=\"false\" value=\"\" type=\"email\" name=\"email\" \/><\/span>\n\t<\/p>\n<\/div>\n<p><label>Message<\/label><span class=\"wpcf7-form-control-wrap\" data-name=\"message\"><textarea cols=\"40\" rows=\"10\" maxlength=\"2000\" class=\"wpcf7-form-control wpcf7-textarea\" aria-invalid=\"false\" name=\"message\"><\/textarea><\/span>\n<\/p>\n<p><input class=\"wpcf7-form-control wpcf7-submit has-spinner btn-color-black\" type=\"submit\" value=\"SUBMIT\" \/>\n<\/p><div class=\"wpcf7-response-output\" aria-hidden=\"true\"><\/div>\n<\/form>\n<\/div>\n\t\t\t\t<\/div>\n\t\t\t\t<\/div>\n\t\t\t\t\t<\/div>\n\t\t<\/div>\n\t\t\t\t\t<\/div>\n\t\t<\/section>\n\t\t\t\t<\/div>\n\t\t","protected":false},"excerpt":{"rendered":"<p>Contact us for your questions, opinions and suggestions!\u200b Contact Form \u0130sim Soyisim Telefon Numaras\u0131 Email Mesaj\u0131n\u0131z<\/p>\n","protected":false},"author":1,"featured_media":0,"parent":0,"menu_order":0,"comment_status":"closed","ping_status":"closed","template":"","meta":{"footnotes":""},"class_list":["post-8856","page","type-page","status-publish","hentry"],"yoast_head":"<!-- This site is optimized with the Yoast SEO plugin v27.4 - https:\/\/yoast.com\/product\/yoast-seo-wordpress\/ -->\n<title>De Lucca Contact Form | De Lucca<\/title>\n<meta name=\"description\" content=\"Visit our page to contact us about De Lucca products and your questions.\" \/>\n<meta name=\"robots\" content=\"index, follow, max-snippet:-1, max-image-preview:large, max-video-preview:-1\" \/>\n<link rel=\"canonical\" href=\"https:\/\/www.delucca.com.tr\/contact\/\" \/>\n<meta property=\"og:locale\" content=\"en_US\" \/>\n<meta property=\"og:type\" content=\"article\" \/>\n<meta property=\"og:title\" content=\"De Lucca Contact Form | De Lucca\" \/>\n<meta property=\"og:description\" content=\"Visit our page to contact us about De Lucca products and your questions.\" \/>\n<meta property=\"og:url\" content=\"https:\/\/www.delucca.com.tr\/contact\/\" \/>\n<meta property=\"og:site_name\" content=\"De Lucca\" \/>\n<meta property=\"article:modified_time\" content=\"2022-11-15T18:50:55+00:00\" \/>\n<meta name=\"twitter:card\" content=\"summary_large_image\" \/>\n<meta name=\"twitter:label1\" content=\"Est. reading time\" \/>\n\t<meta name=\"twitter:data1\" content=\"1 minute\" \/>\n<script type=\"application\/ld+json\" class=\"yoast-schema-graph\">{\"@context\":\"https:\\\/\\\/schema.org\",\"@graph\":[{\"@type\":\"WebPage\",\"@id\":\"https:\\\/\\\/www.delucca.com.tr\\\/contact\\\/\",\"url\":\"https:\\\/\\\/www.delucca.com.tr\\\/contact\\\/\",\"name\":\"De Lucca Contact Form | De Lucca\",\"isPartOf\":{\"@id\":\"https:\\\/\\\/www.delucca.com.tr\\\/#website\"},\"datePublished\":\"2021-10-12T16:27:24+00:00\",\"dateModified\":\"2022-11-15T18:50:55+00:00\",\"description\":\"Visit our page to contact us about De Lucca products and your questions.\",\"breadcrumb\":{\"@id\":\"https:\\\/\\\/www.delucca.com.tr\\\/contact\\\/#breadcrumb\"},\"inLanguage\":\"en-US\",\"potentialAction\":[{\"@type\":\"ReadAction\",\"target\":[\"https:\\\/\\\/www.delucca.com.tr\\\/contact\\\/\"]}]},{\"@type\":\"BreadcrumbList\",\"@id\":\"https:\\\/\\\/www.delucca.com.tr\\\/contact\\\/#breadcrumb\",\"itemListElement\":[{\"@type\":\"ListItem\",\"position\":1,\"name\":\"Anasayfa\",\"item\":\"https:\\\/\\\/www.delucca.com.tr\\\/en\\\/\"},{\"@type\":\"ListItem\",\"position\":2,\"name\":\"Contact\"}]},{\"@type\":\"WebSite\",\"@id\":\"https:\\\/\\\/www.delucca.com.tr\\\/#website\",\"url\":\"https:\\\/\\\/www.delucca.com.tr\\\/\",\"name\":\"De Lucca\",\"description\":\"A Brand New Taste Experience\",\"potentialAction\":[{\"@type\":\"SearchAction\",\"target\":{\"@type\":\"EntryPoint\",\"urlTemplate\":\"https:\\\/\\\/www.delucca.com.tr\\\/?s={search_term_string}\"},\"query-input\":{\"@type\":\"PropertyValueSpecification\",\"valueRequired\":true,\"valueName\":\"search_term_string\"}}],\"inLanguage\":\"en-US\"}]}<\/script>\n<!-- \/ Yoast SEO plugin. -->","yoast_head_json":{"title":"De Lucca Contact Form | De Lucca","description":"Visit our page to contact us about De Lucca products and your questions.","robots":{"index":"index","follow":"follow","max-snippet":"max-snippet:-1","max-image-preview":"max-image-preview:large","max-video-preview":"max-video-preview:-1"},"canonical":"https:\/\/www.delucca.com.tr\/contact\/","og_locale":"en_US","og_type":"article","og_title":"De Lucca Contact Form | De Lucca","og_description":"Visit our page to contact us about De Lucca products and your questions.","og_url":"https:\/\/www.delucca.com.tr\/contact\/","og_site_name":"De Lucca","article_modified_time":"2022-11-15T18:50:55+00:00","twitter_card":"summary_large_image","twitter_misc":{"Est. reading time":"1 minute"},"schema":{"@context":"https:\/\/schema.org","@graph":[{"@type":"WebPage","@id":"https:\/\/www.delucca.com.tr\/contact\/","url":"https:\/\/www.delucca.com.tr\/contact\/","name":"De Lucca Contact Form | De Lucca","isPartOf":{"@id":"https:\/\/www.delucca.com.tr\/#website"},"datePublished":"2021-10-12T16:27:24+00:00","dateModified":"2022-11-15T18:50:55+00:00","description":"Visit our page to contact us about De Lucca products and your questions.","breadcrumb":{"@id":"https:\/\/www.delucca.com.tr\/contact\/#breadcrumb"},"inLanguage":"en-US","potentialAction":[{"@type":"ReadAction","target":["https:\/\/www.delucca.com.tr\/contact\/"]}]},{"@type":"BreadcrumbList","@id":"https:\/\/www.delucca.com.tr\/contact\/#breadcrumb","itemListElement":[{"@type":"ListItem","position":1,"name":"Anasayfa","item":"https:\/\/www.delucca.com.tr\/en\/"},{"@type":"ListItem","position":2,"name":"Contact"}]},{"@type":"WebSite","@id":"https:\/\/www.delucca.com.tr\/#website","url":"https:\/\/www.delucca.com.tr\/","name":"De Lucca","description":"A Brand New Taste Experience","potentialAction":[{"@type":"SearchAction","target":{"@type":"EntryPoint","urlTemplate":"https:\/\/www.delucca.com.tr\/?s={search_term_string}"},"query-input":{"@type":"PropertyValueSpecification","valueRequired":true,"valueName":"search_term_string"}}],"inLanguage":"en-US"}]}},"_links":{"self":[{"href":"https:\/\/www.delucca.com.tr\/en\/wp-json\/wp\/v2\/pages\/8856","targetHints":{"allow":["GET"]}}],"collection":[{"href":"https:\/\/www.delucca.com.tr\/en\/wp-json\/wp\/v2\/pages"}],"about":[{"href":"https:\/\/www.delucca.com.tr\/en\/wp-json\/wp\/v2\/types\/page"}],"author":[{"embeddable":true,"href":"https:\/\/www.delucca.com.tr\/en\/wp-json\/wp\/v2\/users\/1"}],"replies":[{"embeddable":true,"href":"https:\/\/www.delucca.com.tr\/en\/wp-json\/wp\/v2\/comments?post=8856"}],"version-history":[{"count":0,"href":"https:\/\/www.delucca.com.tr\/en\/wp-json\/wp\/v2\/pages\/8856\/revisions"}],"wp:attachment":[{"href":"https:\/\/www.delucca.com.tr\/en\/wp-json\/wp\/v2\/media?parent=8856"}],"curies":[{"name":"wp","href":"https:\/\/api.w.org\/{rel}","templated":true}]}}